{"id":778,"date":"2025-08-06T11:49:59","date_gmt":"2025-08-06T11:49:59","guid":{"rendered":"https:\/\/royalaluminyum.com\/?page_id=778"},"modified":"2025-10-14T00:00:26","modified_gmt":"2025-10-14T00:00:26","slug":"cam-balkon","status":"publish","type":"page","link":"https:\/\/royalaluminyum.com\/index.php\/cam-balkon\/","title":{"rendered":"CAM BALKON"},"content":{"rendered":"\n<div class=\"wp-block-stackable-card stk-block-card stk-block stk-7415dd3 is-style-default\" data-v=\"2\" data-block-id=\"7415dd3\"><style>.stk-7415dd3 .stk-block-card__image{height:538px !important;}<\/style><div class=\"stk--no-padding stk-container stk-7415dd3-container stk-hover-parent\"><figure class=\"stk-block-card__image stk-img-wrapper stk-image--shape-stretch\"><img loading=\"lazy\" decoding=\"async\" class=\"stk-img wp-image-850\" src=\"https:\/\/royalaluminyum.com\/wp-content\/uploads\/2025\/10\/IMG-20230621-WA0012.jpg\" width=\"2048\" height=\"1536\" srcset=\"https:\/\/royalaluminyum.com\/wp-content\/uploads\/2025\/10\/IMG-20230621-WA0012.jpg 2048w, https:\/\/royalaluminyum.com\/wp-content\/uploads\/2025\/10\/IMG-20230621-WA0012-300x225.jpg 300w, https:\/\/royalaluminyum.com\/wp-content\/uploads\/2025\/10\/IMG-20230621-WA0012-1024x768.jpg 1024w, https:\/\/royalaluminyum.com\/wp-content\/uploads\/2025\/10\/IMG-20230621-WA0012-768x576.jpg 768w, https:\/\/royalaluminyum.com\/wp-content\/uploads\/2025\/10\/IMG-20230621-WA0012-1536x1152.jpg 1536w\" sizes=\"auto, (max-width: 2048px) 100vw, 2048px\" \/><\/figure><div class=\"stk-container-padding stk-block-card__content\"><div class=\"stk-block-content stk-inner-blocks stk-7415dd3-inner-blocks\">\n<div class=\"wp-block-stackable-heading stk-block-heading stk-block-heading--v2 stk-block stk-67e52ec\" id=\"strong-cam-balkon-sistemleri-ile-konforlu-ve-estetik-yasam-alanlari-strong\" data-block-id=\"67e52ec\"><h2 class=\"stk-block-heading__text\"><strong>\u201cCam Balkon Sistemleri ile Konforlu ve Estetik Ya\u015fam Alanlar\u0131\u201d<\/strong><\/h2><\/div>\n\n\n\n<div class=\"wp-block-stackable-text stk-block-text stk-block stk-00e4843\" data-block-id=\"00e4843\"><p class=\"stk-block-text__text\">Cam balkon sistemleri, ya\u015fam alanlar\u0131n\u0131 daha kullan\u0131\u015fl\u0131 ve estetik hale getiren modern \u00e7\u00f6z\u00fcmlerden biridir. Hem konutlarda hem de i\u015f yerlerinde tercih edilen cam balkonlar, d\u00f6rt mevsim konfor sunar. Balkonlar\u0131n\u0131z\u0131 r\u00fczg\u00e2r, ya\u011fmur, kar ve tozdan korurken; \u015feffaf yap\u0131s\u0131 sayesinde manzaradan \u00f6d\u00fcn vermeden ferah bir ortam sa\u011flar.<\/p><\/div>\n\n\n\n<p><strong>Cam balkonun avantajlar\u0131:<\/strong><\/p>\n\n\n\n<ul class=\"wp-block-list\">\n<li><strong>Koruma ve Yal\u0131t\u0131m:<\/strong> D\u0131\u015f etkenlere kar\u015f\u0131 g\u00fc\u00e7l\u00fc bir bariyer olu\u015fturur, \u0131s\u0131 ve ses yal\u0131t\u0131m\u0131 sa\u011flar.<\/li>\n\n\n\n<li><strong>Estetik Tasar\u0131m:<\/strong> Binalara modern bir g\u00f6r\u00fcn\u00fcm kazand\u0131r\u0131r, farkl\u0131 cam ve profil se\u00e7enekleri ile uyum sa\u011flar.<\/li>\n\n\n\n<li><strong>Kullan\u0131\u015fl\u0131l\u0131k:<\/strong> Katlan\u0131r veya s\u00fcrme sistem se\u00e7enekleriyle kolay kullan\u0131m imk\u00e2n\u0131 verir.<\/li>\n\n\n\n<li><strong>De\u011fer Art\u0131\u015f\u0131:<\/strong> Evinize hem estetik hem de fonksiyonel de\u011fer katar.<\/li>\n\n\n\n<li><strong>Temizlik Kolayl\u0131\u011f\u0131:<\/strong> Pratik a\u00e7\u0131lma sistemleri sayesinde kolayca temizlenebilir.<\/li>\n<\/ul>\n\n\n\n<p>Cam balkon sistemleri, balkon keyfini her mevsim ya\u015faman\u0131za olanak tan\u0131rken, evinizin enerji verimlili\u011fini ve de\u011ferini art\u0131r\u0131r.<\/p>\n\n\n\n<div class=\"wp-block-stackable-button-group stk-block-button-group stk-block stk-50411ca\" data-block-id=\"50411ca\"><div class=\"stk-row stk-inner-blocks stk-block-content stk-button-group\">\n<div class=\"wp-block-stackable-button stk-block-button stk-block stk-75c1d25\" data-block-id=\"75c1d25\"><a class=\"stk-link stk-button stk--hover-effect-darken\" href=\"https:\/\/api.whatsapp.com\/send?phone=%2B905454339101&amp;text=\" target=\"_blank\" rel=\"noreferrer noopener\"><span class=\"stk-button__inner-text\">DAHA FAZLA B\u0130LG\u0130 AL<\/span><\/a><\/div>\n<\/div><\/div>\n<\/div><\/div><\/div><\/div>\n\n\n\n<div class=\"wp-block-stackable-carousel stk-block-carousel stk--is-slide stk--arrows-justify-space-between stk--arrows-align-center stk-block stk-20928d7\" data-slides-to-show=\"\" data-block-id=\"20928d7\"><div class=\"stk-block-carousel__content-wrapper\"><div class=\"stk-row stk-inner-blocks stk-block-content stk-block-carousel__slider-wrapper stk-content-align stk-20928d7-column\"><div class=\"stk-block-carousel__slider\" role=\"list\" data-autoplay=\"4000\" data-label-slide-of=\"Slide %%d of %%d\">\n<div class=\"wp-block-stackable-column stk-block-column stk-column stk-block stk-8b52a89\" data-v=\"4\" data-block-id=\"8b52a89\"><div class=\"stk-column-wrapper stk-block-column__content stk-container stk-8b52a89-container stk--no-background stk--no-padding\"><div class=\"stk-block-content stk-inner-blocks stk-8b52a89-inner-blocks\">\n<div class=\"wp-block-stackable-columns stk-block-columns stk-block stk-6f7cfea\" data-block-id=\"6f7cfea\"><div class=\"stk-row stk-inner-blocks stk-block-content stk-content-align stk-6f7cfea-column\">\n<div class=\"wp-block-stackable-column stk-block-column stk-column stk-block stk-cf9c9af\" data-v=\"4\" data-block-id=\"cf9c9af\"><div class=\"stk-column-wrapper stk-block-column__content stk-container stk-cf9c9af-container stk--no-background stk--no-padding\"><div class=\"stk-block-content stk-inner-blocks stk-cf9c9af-inner-blocks\">\n<div class=\"wp-block-stackable-image stk-block-image stk-block stk-54559a3\" data-block-id=\"54559a3\"><figure><span class=\"stk-img-wrapper stk-image--shape-stretch stk--has-lightbox\"><img loading=\"lazy\" decoding=\"async\" class=\"stk-img wp-image-851\" src=\"https:\/\/royalaluminyum.com\/wp-content\/uploads\/2025\/10\/20210402_170548-scaled.jpg\" width=\"2560\" height=\"1920\" srcset=\"https:\/\/royalaluminyum.com\/wp-content\/uploads\/2025\/10\/20210402_170548-scaled.jpg 2560w, https:\/\/royalaluminyum.com\/wp-content\/uploads\/2025\/10\/20210402_170548-300x225.jpg 300w, https:\/\/royalaluminyum.com\/wp-content\/uploads\/2025\/10\/20210402_170548-1024x768.jpg 1024w, https:\/\/royalaluminyum.com\/wp-content\/uploads\/2025\/10\/20210402_170548-768x576.jpg 768w, https:\/\/royalaluminyum.com\/wp-content\/uploads\/2025\/10\/20210402_170548-1536x1152.jpg 1536w, https:\/\/royalaluminyum.com\/wp-content\/uploads\/2025\/10\/20210402_170548-2048x1536.jpg 2048w\" sizes=\"auto, (max-width: 2560px) 100vw, 2560px\" \/><\/span><\/figure><\/div>\n<\/div><\/div><\/div>\n\n\n\n<div class=\"wp-block-stackable-column stk-block-column stk-column stk-block stk-f629d46\" data-v=\"4\" data-block-id=\"f629d46\"><div class=\"stk-column-wrapper stk-block-column__content stk-container stk-f629d46-container stk--no-background stk--no-padding\"><div class=\"stk-block-content stk-inner-blocks stk-f629d46-inner-blocks\">\n<div class=\"wp-block-stackable-image stk-block-image stk-block stk-9975041\" data-block-id=\"9975041\"><figure><span class=\"stk-img-wrapper stk-image--shape-stretch stk--has-lightbox\"><img loading=\"lazy\" decoding=\"async\" class=\"stk-img wp-image-852\" src=\"https:\/\/royalaluminyum.com\/wp-content\/uploads\/2025\/10\/IMG-20221227-WA0006.jpg\" width=\"2016\" height=\"1512\" srcset=\"https:\/\/royalaluminyum.com\/wp-content\/uploads\/2025\/10\/IMG-20221227-WA0006.jpg 2016w, https:\/\/royalaluminyum.com\/wp-content\/uploads\/2025\/10\/IMG-20221227-WA0006-300x225.jpg 300w, https:\/\/royalaluminyum.com\/wp-content\/uploads\/2025\/10\/IMG-20221227-WA0006-1024x768.jpg 1024w, https:\/\/royalaluminyum.com\/wp-content\/uploads\/2025\/10\/IMG-20221227-WA0006-768x576.jpg 768w, https:\/\/royalaluminyum.com\/wp-content\/uploads\/2025\/10\/IMG-20221227-WA0006-1536x1152.jpg 1536w\" sizes=\"auto, (max-width: 2016px) 100vw, 2016px\" \/><\/span><\/figure><\/div>\n<\/div><\/div><\/div>\n<\/div><\/div>\n<\/div><\/div><\/div>\n\n\n\n<div class=\"wp-block-stackable-column stk-block-column stk-column stk-block stk-67025b2\" data-v=\"4\" data-block-id=\"67025b2\"><div class=\"stk-column-wrapper stk-block-column__content stk-container stk-67025b2-container stk--no-background stk--no-padding\"><div class=\"stk-block-content stk-inner-blocks stk-67025b2-inner-blocks\">\n<div class=\"wp-block-stackable-columns stk-block-columns stk-block stk-6b9aa0a\" data-block-id=\"6b9aa0a\"><div class=\"stk-row stk-inner-blocks stk-block-content stk-content-align stk-6b9aa0a-column\">\n<div class=\"wp-block-stackable-column stk-block-column stk-column stk-block stk-35b80fb\" data-v=\"4\" data-block-id=\"35b80fb\"><div class=\"stk-column-wrapper stk-block-column__content stk-container stk-35b80fb-container stk--no-background stk--no-padding\"><div class=\"stk-block-content stk-inner-blocks stk-35b80fb-inner-blocks\">\n<div class=\"wp-block-stackable-image stk-block-image stk-block stk-6376f49\" data-block-id=\"6376f49\"><figure><span class=\"stk-img-wrapper stk-image--shape-stretch stk--has-lightbox\"><img loading=\"lazy\" decoding=\"async\" class=\"stk-img wp-image-853\" src=\"https:\/\/royalaluminyum.com\/wp-content\/uploads\/2025\/10\/IMG-20230107-WA0034.jpg\" width=\"2048\" height=\"1536\" srcset=\"https:\/\/royalaluminyum.com\/wp-content\/uploads\/2025\/10\/IMG-20230107-WA0034.jpg 2048w, https:\/\/royalaluminyum.com\/wp-content\/uploads\/2025\/10\/IMG-20230107-WA0034-300x225.jpg 300w, https:\/\/royalaluminyum.com\/wp-content\/uploads\/2025\/10\/IMG-20230107-WA0034-1024x768.jpg 1024w, https:\/\/royalaluminyum.com\/wp-content\/uploads\/2025\/10\/IMG-20230107-WA0034-768x576.jpg 768w, https:\/\/royalaluminyum.com\/wp-content\/uploads\/2025\/10\/IMG-20230107-WA0034-1536x1152.jpg 1536w\" sizes=\"auto, (max-width: 2048px) 100vw, 2048px\" \/><\/span><\/figure><\/div>\n<\/div><\/div><\/div>\n\n\n\n<div class=\"wp-block-stackable-column stk-block-column stk-column stk-block stk-ba15058\" data-v=\"4\" data-block-id=\"ba15058\"><div class=\"stk-column-wrapper stk-block-column__content stk-container stk-ba15058-container stk--no-background stk--no-padding\"><div class=\"stk-block-content stk-inner-blocks stk-ba15058-inner-blocks\">\n<div class=\"wp-block-stackable-image stk-block-image stk-block stk-6853c43\" data-block-id=\"6853c43\"><figure><span class=\"stk-img-wrapper stk-image--shape-stretch stk--has-lightbox\"><img loading=\"lazy\" decoding=\"async\" class=\"stk-img wp-image-854\" src=\"https:\/\/royalaluminyum.com\/wp-content\/uploads\/2025\/10\/IMG-20230407-WA0006.jpg\" width=\"2040\" height=\"1536\" srcset=\"https:\/\/royalaluminyum.com\/wp-content\/uploads\/2025\/10\/IMG-20230407-WA0006.jpg 2040w, https:\/\/royalaluminyum.com\/wp-content\/uploads\/2025\/10\/IMG-20230407-WA0006-300x226.jpg 300w, https:\/\/royalaluminyum.com\/wp-content\/uploads\/2025\/10\/IMG-20230407-WA0006-1024x771.jpg 1024w, https:\/\/royalaluminyum.com\/wp-content\/uploads\/2025\/10\/IMG-20230407-WA0006-768x578.jpg 768w, https:\/\/royalaluminyum.com\/wp-content\/uploads\/2025\/10\/IMG-20230407-WA0006-1536x1157.jpg 1536w\" sizes=\"auto, (max-width: 2040px) 100vw, 2040px\" \/><\/span><\/figure><\/div>\n<\/div><\/div><\/div>\n<\/div><\/div>\n<\/div><\/div><\/div>\n\n\n\n<div class=\"wp-block-stackable-column stk-block-column stk-column stk-block stk-68448f5\" data-v=\"4\" data-block-id=\"68448f5\"><div class=\"stk-column-wrapper stk-block-column__content stk-container stk-68448f5-container stk--no-background stk--no-padding\"><div class=\"stk-block-content stk-inner-blocks stk-68448f5-inner-blocks\">\n<div class=\"wp-block-stackable-columns stk-block-columns stk-block stk-d769605\" data-block-id=\"d769605\"><div class=\"stk-row stk-inner-blocks stk-block-content stk-content-align stk-d769605-column\">\n<div class=\"wp-block-stackable-column stk-block-column stk-column stk-block stk-574b7a0\" data-v=\"4\" data-block-id=\"574b7a0\"><div class=\"stk-column-wrapper stk-block-column__content stk-container stk-574b7a0-container stk--no-background stk--no-padding\"><div class=\"stk-block-content stk-inner-blocks stk-574b7a0-inner-blocks\">\n<div class=\"wp-block-stackable-image stk-block-image stk-block stk-fd6c47e\" data-block-id=\"fd6c47e\"><figure><span class=\"stk-img-wrapper stk-image--shape-stretch stk--has-lightbox\"><img loading=\"lazy\" decoding=\"async\" class=\"stk-img wp-image-855\" src=\"https:\/\/royalaluminyum.com\/wp-content\/uploads\/2025\/10\/IMG-20230906-WA0022.jpg\" width=\"1600\" height=\"1200\" srcset=\"https:\/\/royalaluminyum.com\/wp-content\/uploads\/2025\/10\/IMG-20230906-WA0022.jpg 1600w, https:\/\/royalaluminyum.com\/wp-content\/uploads\/2025\/10\/IMG-20230906-WA0022-300x225.jpg 300w, https:\/\/royalaluminyum.com\/wp-content\/uploads\/2025\/10\/IMG-20230906-WA0022-1024x768.jpg 1024w, https:\/\/royalaluminyum.com\/wp-content\/uploads\/2025\/10\/IMG-20230906-WA0022-768x576.jpg 768w, https:\/\/royalaluminyum.com\/wp-content\/uploads\/2025\/10\/IMG-20230906-WA0022-1536x1152.jpg 1536w\" sizes=\"auto, (max-width: 1600px) 100vw, 1600px\" \/><\/span><\/figure><\/div>\n<\/div><\/div><\/div>\n\n\n\n<div class=\"wp-block-stackable-column stk-block-column stk-column stk-block stk-6565c36\" data-v=\"4\" data-block-id=\"6565c36\"><div class=\"stk-column-wrapper stk-block-column__content stk-container stk-6565c36-container stk--no-background stk--no-padding\"><div class=\"stk-block-content stk-inner-blocks stk-6565c36-inner-blocks\">\n<div class=\"wp-block-stackable-image stk-block-image stk-block stk-aec46bd\" data-block-id=\"aec46bd\"><figure><span class=\"stk-img-wrapper stk-image--shape-stretch stk--has-lightbox\"><img loading=\"lazy\" decoding=\"async\" class=\"stk-img wp-image-857\" src=\"https:\/\/royalaluminyum.com\/wp-content\/uploads\/2025\/10\/WhatsApp-Gorsel-2025-08-08-saat-18.23.41_fb913c99-1.jpg\" width=\"1600\" height=\"1200\" srcset=\"https:\/\/royalaluminyum.com\/wp-content\/uploads\/2025\/10\/WhatsApp-Gorsel-2025-08-08-saat-18.23.41_fb913c99-1.jpg 1600w, https:\/\/royalaluminyum.com\/wp-content\/uploads\/2025\/10\/WhatsApp-Gorsel-2025-08-08-saat-18.23.41_fb913c99-1-300x225.jpg 300w, https:\/\/royalaluminyum.com\/wp-content\/uploads\/2025\/10\/WhatsApp-Gorsel-2025-08-08-saat-18.23.41_fb913c99-1-1024x768.jpg 1024w, https:\/\/royalaluminyum.com\/wp-content\/uploads\/2025\/10\/WhatsApp-Gorsel-2025-08-08-saat-18.23.41_fb913c99-1-768x576.jpg 768w, https:\/\/royalaluminyum.com\/wp-content\/uploads\/2025\/10\/WhatsApp-Gorsel-2025-08-08-saat-18.23.41_fb913c99-1-1536x1152.jpg 1536w\" sizes=\"auto, (max-width: 1600px) 100vw, 1600px\" \/><\/span><\/figure><\/div>\n<\/div><\/div><\/div>\n<\/div><\/div>\n<\/div><\/div><\/div>\n<\/div><div class=\"stk-block-carousel__buttons\"><button class=\"stk-block-carousel__button stk-block-carousel__button__prev\" aria-label=\"Previous slide\"><svg aria-hidden=\"true\" focusable=\"false\" data-prefix=\"fas\" data-icon=\"chevron-left\" class=\"svg-inline--fa fa-chevron-left\" xmlns=\"http:\/\/www.w3.org\/2000\/svg\" viewBox=\"0 0 320 512\" width=\"32\" height=\"32\"><path d=\"M34.52 239.03L228.87 44.69c9.37-9.37 24.57-9.37 33.94 0l22.67 22.67c9.36 9.36 9.37 24.52.04 33.9L131.49 256l154.02 154.75c9.34 9.38 9.32 24.54-.04 33.9l-22.67 22.67c-9.37 9.37-24.57 9.37-33.94 0L34.52 272.97c-9.37-9.37-9.37-24.57 0-33.94z\"><\/path><\/svg><\/button><button class=\"stk-block-carousel__button stk-block-carousel__button__next\" aria-label=\"Next slide\"><svg aria-hidden=\"true\" focusable=\"false\" data-prefix=\"fas\" data-icon=\"chevron-right\" class=\"svg-inline--fa fa-chevron-right\" xmlns=\"http:\/\/www.w3.org\/2000\/svg\" viewBox=\"0 0 320 512\" width=\"32\" height=\"32\"><path d=\"M285.476 272.971L91.132 467.314c-9.373 9.373-24.569 9.373-33.941 0l-22.667-22.667c-9.357-9.357-9.375-24.522-.04-33.901L188.505 256 34.484 101.255c-9.335-9.379-9.317-24.544.04-33.901l22.667-22.667c9.373-9.373 24.569-9.373 33.941 0L285.475 239.03c9.373 9.372 9.373 24.568.001 33.941z\"><\/path><\/svg><\/button><\/div><\/div><div class=\"stk-block-carousel__dots\" role=\"list\" data-label=\"Slide %%d\"><\/div><\/div><\/div>\n","protected":false},"excerpt":{"rendered":"<p>\u201cCam Balkon Sistemleri ile Konforlu ve Estetik Ya\u015fam Alanlar\u0131\u201d Cam balkon sistemleri, ya\u015fam alanlar\u0131n\u0131 daha kullan\u0131\u015fl\u0131 ve estetik hale getiren modern \u00e7\u00f6z\u00fcmlerden biridir. Hem konutlarda hem de i\u015f yerlerinde tercih edilen cam balkonlar, d\u00f6rt mevsim konfor sunar. Balkonlar\u0131n\u0131z\u0131 r\u00fczg\u00e2r, ya\u011fmur, kar ve tozdan korurken; \u015feffaf yap\u0131s\u0131 sayesinde manzaradan \u00f6d\u00fcn vermeden ferah bir ortam sa\u011flar. Cam [&hellip;]<\/p>\n","protected":false},"author":1,"featured_media":0,"parent":0,"menu_order":0,"comment_status":"closed","ping_status":"closed","template":"","meta":{"footnotes":""},"class_list":["post-778","page","type-page","status-publish","hentry"],"blocksy_meta":[],"yoast_head":"<!-- This site is optimized with the Yoast SEO plugin v27.4 - https:\/\/yoast.com\/product\/yoast-seo-wordpress\/ -->\n<title>CAM BALKON - ROYAL AL\u00dcM\u0130NYUM<\/title>\n<meta name=\"robots\" content=\"index, follow, max-snippet:-1, max-image-preview:large, max-video-preview:-1\" \/>\n<link rel=\"canonical\" href=\"https:\/\/royalaluminyum.com\/index.php\/cam-balkon\/\" \/>\n<meta property=\"og:locale\" content=\"tr_TR\" \/>\n<meta property=\"og:type\" content=\"article\" \/>\n<meta property=\"og:title\" content=\"CAM BALKON - ROYAL AL\u00dcM\u0130NYUM\" \/>\n<meta property=\"og:description\" content=\"\u201cCam Balkon Sistemleri ile Konforlu ve Estetik Ya\u015fam Alanlar\u0131\u201d Cam balkon sistemleri, ya\u015fam alanlar\u0131n\u0131 daha kullan\u0131\u015fl\u0131 ve estetik hale getiren modern \u00e7\u00f6z\u00fcmlerden biridir. Hem konutlarda hem de i\u015f yerlerinde tercih edilen cam balkonlar, d\u00f6rt mevsim konfor sunar. Balkonlar\u0131n\u0131z\u0131 r\u00fczg\u00e2r, ya\u011fmur, kar ve tozdan korurken; \u015feffaf yap\u0131s\u0131 sayesinde manzaradan \u00f6d\u00fcn vermeden ferah bir ortam sa\u011flar. Cam [&hellip;]\" \/>\n<meta property=\"og:url\" content=\"https:\/\/royalaluminyum.com\/index.php\/cam-balkon\/\" \/>\n<meta property=\"og:site_name\" content=\"ROYAL AL\u00dcM\u0130NYUM\" \/>\n<meta property=\"article:modified_time\" content=\"2025-10-14T00:00:26+00:00\" \/>\n<meta property=\"og:image\" content=\"https:\/\/royalaluminyum.com\/wp-content\/uploads\/2025\/10\/IMG-20230621-WA0012.jpg\" \/>\n\t<meta property=\"og:image:width\" content=\"2048\" \/>\n\t<meta property=\"og:image:height\" content=\"1536\" \/>\n\t<meta property=\"og:image:type\" content=\"image\/jpeg\" \/>\n<meta name=\"twitter:card\" content=\"summary_large_image\" \/>\n<meta name=\"twitter:label1\" content=\"Tahmini okuma s\u00fcresi\" \/>\n\t<meta name=\"twitter:data1\" content=\"3 dakika\" \/>\n<script type=\"application\/ld+json\" class=\"yoast-schema-graph\">{\"@context\":\"https:\\\/\\\/schema.org\",\"@graph\":[{\"@type\":\"WebPage\",\"@id\":\"https:\\\/\\\/royalaluminyum.com\\\/index.php\\\/cam-balkon\\\/\",\"url\":\"https:\\\/\\\/royalaluminyum.com\\\/index.php\\\/cam-balkon\\\/\",\"name\":\"CAM BALKON - ROYAL AL\u00dcM\u0130NYUM\",\"isPartOf\":{\"@id\":\"https:\\\/\\\/royalaluminyum.com\\\/#website\"},\"primaryImageOfPage\":{\"@id\":\"https:\\\/\\\/royalaluminyum.com\\\/index.php\\\/cam-balkon\\\/#primaryimage\"},\"image\":{\"@id\":\"https:\\\/\\\/royalaluminyum.com\\\/index.php\\\/cam-balkon\\\/#primaryimage\"},\"thumbnailUrl\":\"https:\\\/\\\/royalaluminyum.com\\\/wp-content\\\/uploads\\\/2025\\\/10\\\/IMG-20230621-WA0012.jpg\",\"datePublished\":\"2025-08-06T11:49:59+00:00\",\"dateModified\":\"2025-10-14T00:00:26+00:00\",\"breadcrumb\":{\"@id\":\"https:\\\/\\\/royalaluminyum.com\\\/index.php\\\/cam-balkon\\\/#breadcrumb\"},\"inLanguage\":\"tr\",\"potentialAction\":[{\"@type\":\"ReadAction\",\"target\":[\"https:\\\/\\\/royalaluminyum.com\\\/index.php\\\/cam-balkon\\\/\"]}]},{\"@type\":\"ImageObject\",\"inLanguage\":\"tr\",\"@id\":\"https:\\\/\\\/royalaluminyum.com\\\/index.php\\\/cam-balkon\\\/#primaryimage\",\"url\":\"https:\\\/\\\/royalaluminyum.com\\\/wp-content\\\/uploads\\\/2025\\\/10\\\/IMG-20230621-WA0012.jpg\",\"contentUrl\":\"https:\\\/\\\/royalaluminyum.com\\\/wp-content\\\/uploads\\\/2025\\\/10\\\/IMG-20230621-WA0012.jpg\",\"width\":2048,\"height\":1536},{\"@type\":\"BreadcrumbList\",\"@id\":\"https:\\\/\\\/royalaluminyum.com\\\/index.php\\\/cam-balkon\\\/#breadcrumb\",\"itemListElement\":[{\"@type\":\"ListItem\",\"position\":1,\"name\":\"Home\",\"item\":\"https:\\\/\\\/royalaluminyum.com\\\/\"},{\"@type\":\"ListItem\",\"position\":2,\"name\":\"CAM BALKON\"}]},{\"@type\":\"WebSite\",\"@id\":\"https:\\\/\\\/royalaluminyum.com\\\/#website\",\"url\":\"https:\\\/\\\/royalaluminyum.com\\\/\",\"name\":\"ROYAL AL\u00dcM\u0130NYUM\",\"description\":\"\",\"publisher\":{\"@id\":\"https:\\\/\\\/royalaluminyum.com\\\/#organization\"},\"potentialAction\":[{\"@type\":\"SearchAction\",\"target\":{\"@type\":\"EntryPoint\",\"urlTemplate\":\"https:\\\/\\\/royalaluminyum.com\\\/?s={search_term_string}\"},\"query-input\":{\"@type\":\"PropertyValueSpecification\",\"valueRequired\":true,\"valueName\":\"search_term_string\"}}],\"inLanguage\":\"tr\"},{\"@type\":\"Organization\",\"@id\":\"https:\\\/\\\/royalaluminyum.com\\\/#organization\",\"name\":\"ROYAL AL\u00dcM\u0130NYUM\",\"url\":\"https:\\\/\\\/royalaluminyum.com\\\/\",\"logo\":{\"@type\":\"ImageObject\",\"inLanguage\":\"tr\",\"@id\":\"https:\\\/\\\/royalaluminyum.com\\\/#\\\/schema\\\/logo\\\/image\\\/\",\"url\":\"https:\\\/\\\/royalaluminyum.com\\\/wp-content\\\/uploads\\\/2025\\\/08\\\/LOGOLAR-29.png\",\"contentUrl\":\"https:\\\/\\\/royalaluminyum.com\\\/wp-content\\\/uploads\\\/2025\\\/08\\\/LOGOLAR-29.png\",\"width\":1262,\"height\":816,\"caption\":\"ROYAL AL\u00dcM\u0130NYUM\"},\"image\":{\"@id\":\"https:\\\/\\\/royalaluminyum.com\\\/#\\\/schema\\\/logo\\\/image\\\/\"}}]}<\/script>\n<!-- \/ Yoast SEO plugin. -->","yoast_head_json":{"title":"CAM BALKON - ROYAL AL\u00dcM\u0130NYUM","robots":{"index":"index","follow":"follow","max-snippet":"max-snippet:-1","max-image-preview":"max-image-preview:large","max-video-preview":"max-video-preview:-1"},"canonical":"https:\/\/royalaluminyum.com\/index.php\/cam-balkon\/","og_locale":"tr_TR","og_type":"article","og_title":"CAM BALKON - ROYAL AL\u00dcM\u0130NYUM","og_description":"\u201cCam Balkon Sistemleri ile Konforlu ve Estetik Ya\u015fam Alanlar\u0131\u201d Cam balkon sistemleri, ya\u015fam alanlar\u0131n\u0131 daha kullan\u0131\u015fl\u0131 ve estetik hale getiren modern \u00e7\u00f6z\u00fcmlerden biridir. Hem konutlarda hem de i\u015f yerlerinde tercih edilen cam balkonlar, d\u00f6rt mevsim konfor sunar. Balkonlar\u0131n\u0131z\u0131 r\u00fczg\u00e2r, ya\u011fmur, kar ve tozdan korurken; \u015feffaf yap\u0131s\u0131 sayesinde manzaradan \u00f6d\u00fcn vermeden ferah bir ortam sa\u011flar. Cam [&hellip;]","og_url":"https:\/\/royalaluminyum.com\/index.php\/cam-balkon\/","og_site_name":"ROYAL AL\u00dcM\u0130NYUM","article_modified_time":"2025-10-14T00:00:26+00:00","og_image":[{"width":2048,"height":1536,"url":"https:\/\/royalaluminyum.com\/wp-content\/uploads\/2025\/10\/IMG-20230621-WA0012.jpg","type":"image\/jpeg"}],"twitter_card":"summary_large_image","twitter_misc":{"Tahmini okuma s\u00fcresi":"3 dakika"},"schema":{"@context":"https:\/\/schema.org","@graph":[{"@type":"WebPage","@id":"https:\/\/royalaluminyum.com\/index.php\/cam-balkon\/","url":"https:\/\/royalaluminyum.com\/index.php\/cam-balkon\/","name":"CAM BALKON - ROYAL AL\u00dcM\u0130NYUM","isPartOf":{"@id":"https:\/\/royalaluminyum.com\/#website"},"primaryImageOfPage":{"@id":"https:\/\/royalaluminyum.com\/index.php\/cam-balkon\/#primaryimage"},"image":{"@id":"https:\/\/royalaluminyum.com\/index.php\/cam-balkon\/#primaryimage"},"thumbnailUrl":"https:\/\/royalaluminyum.com\/wp-content\/uploads\/2025\/10\/IMG-20230621-WA0012.jpg","datePublished":"2025-08-06T11:49:59+00:00","dateModified":"2025-10-14T00:00:26+00:00","breadcrumb":{"@id":"https:\/\/royalaluminyum.com\/index.php\/cam-balkon\/#breadcrumb"},"inLanguage":"tr","potentialAction":[{"@type":"ReadAction","target":["https:\/\/royalaluminyum.com\/index.php\/cam-balkon\/"]}]},{"@type":"ImageObject","inLanguage":"tr","@id":"https:\/\/royalaluminyum.com\/index.php\/cam-balkon\/#primaryimage","url":"https:\/\/royalaluminyum.com\/wp-content\/uploads\/2025\/10\/IMG-20230621-WA0012.jpg","contentUrl":"https:\/\/royalaluminyum.com\/wp-content\/uploads\/2025\/10\/IMG-20230621-WA0012.jpg","width":2048,"height":1536},{"@type":"BreadcrumbList","@id":"https:\/\/royalaluminyum.com\/index.php\/cam-balkon\/#breadcrumb","itemListElement":[{"@type":"ListItem","position":1,"name":"Home","item":"https:\/\/royalaluminyum.com\/"},{"@type":"ListItem","position":2,"name":"CAM BALKON"}]},{"@type":"WebSite","@id":"https:\/\/royalaluminyum.com\/#website","url":"https:\/\/royalaluminyum.com\/","name":"ROYAL AL\u00dcM\u0130NYUM","description":"","publisher":{"@id":"https:\/\/royalaluminyum.com\/#organization"},"potentialAction":[{"@type":"SearchAction","target":{"@type":"EntryPoint","urlTemplate":"https:\/\/royalaluminyum.com\/?s={search_term_string}"},"query-input":{"@type":"PropertyValueSpecification","valueRequired":true,"valueName":"search_term_string"}}],"inLanguage":"tr"},{"@type":"Organization","@id":"https:\/\/royalaluminyum.com\/#organization","name":"ROYAL AL\u00dcM\u0130NYUM","url":"https:\/\/royalaluminyum.com\/","logo":{"@type":"ImageObject","inLanguage":"tr","@id":"https:\/\/royalaluminyum.com\/#\/schema\/logo\/image\/","url":"https:\/\/royalaluminyum.com\/wp-content\/uploads\/2025\/08\/LOGOLAR-29.png","contentUrl":"https:\/\/royalaluminyum.com\/wp-content\/uploads\/2025\/08\/LOGOLAR-29.png","width":1262,"height":816,"caption":"ROYAL AL\u00dcM\u0130NYUM"},"image":{"@id":"https:\/\/royalaluminyum.com\/#\/schema\/logo\/image\/"}}]}},"_links":{"self":[{"href":"https:\/\/royalaluminyum.com\/index.php\/wp-json\/wp\/v2\/pages\/778","targetHints":{"allow":["GET"]}}],"collection":[{"href":"https:\/\/royalaluminyum.com\/index.php\/wp-json\/wp\/v2\/pages"}],"about":[{"href":"https:\/\/royalaluminyum.com\/index.php\/wp-json\/wp\/v2\/types\/page"}],"author":[{"embeddable":true,"href":"https:\/\/royalaluminyum.com\/index.php\/wp-json\/wp\/v2\/users\/1"}],"replies":[{"embeddable":true,"href":"https:\/\/royalaluminyum.com\/index.php\/wp-json\/wp\/v2\/comments?post=778"}],"version-history":[{"count":2,"href":"https:\/\/royalaluminyum.com\/index.php\/wp-json\/wp\/v2\/pages\/778\/revisions"}],"predecessor-version":[{"id":859,"href":"https:\/\/royalaluminyum.com\/index.php\/wp-json\/wp\/v2\/pages\/778\/revisions\/859"}],"wp:attachment":[{"href":"https:\/\/royalaluminyum.com\/index.php\/wp-json\/wp\/v2\/media?parent=778"}],"curies":[{"name":"wp","href":"https:\/\/api.w.org\/{rel}","templated":true}]}}