{"id":779,"date":"2025-08-06T11:49:59","date_gmt":"2025-08-06T11:49:59","guid":{"rendered":"https:\/\/royalaluminyum.com\/?page_id=779"},"modified":"2025-10-14T00:07:36","modified_gmt":"2025-10-14T00:07:36","slug":"kis-bahcesi","status":"publish","type":"page","link":"https:\/\/royalaluminyum.com\/index.php\/kis-bahcesi\/","title":{"rendered":"G\u0130YOT\u0130N"},"content":{"rendered":"\n<div class=\"wp-block-stackable-card stk-block-card stk-block stk-54cb007 is-style-default\" data-v=\"2\" data-block-id=\"54cb007\"><style>.stk-54cb007 .stk-block-card__image{height:650px !important;}<\/style><div class=\"stk--no-padding stk-container stk-54cb007-container stk-hover-parent\"><figure class=\"stk-block-card__image stk-img-wrapper stk-image--shape-stretch\"><img loading=\"lazy\" decoding=\"async\" class=\"stk-img wp-image-864\" src=\"https:\/\/royalaluminyum.com\/wp-content\/uploads\/2025\/10\/WhatsApp-Gorsel-2025-08-08-saat-18.25.51_b48dcf4e.jpg\" width=\"1600\" height=\"1200\" srcset=\"https:\/\/royalaluminyum.com\/wp-content\/uploads\/2025\/10\/WhatsApp-Gorsel-2025-08-08-saat-18.25.51_b48dcf4e.jpg 1600w, https:\/\/royalaluminyum.com\/wp-content\/uploads\/2025\/10\/WhatsApp-Gorsel-2025-08-08-saat-18.25.51_b48dcf4e-300x225.jpg 300w, https:\/\/royalaluminyum.com\/wp-content\/uploads\/2025\/10\/WhatsApp-Gorsel-2025-08-08-saat-18.25.51_b48dcf4e-1024x768.jpg 1024w, https:\/\/royalaluminyum.com\/wp-content\/uploads\/2025\/10\/WhatsApp-Gorsel-2025-08-08-saat-18.25.51_b48dcf4e-768x576.jpg 768w, https:\/\/royalaluminyum.com\/wp-content\/uploads\/2025\/10\/WhatsApp-Gorsel-2025-08-08-saat-18.25.51_b48dcf4e-1536x1152.jpg 1536w\" sizes=\"auto, (max-width: 1600px) 100vw, 1600px\" \/><\/figure><div class=\"stk-container-padding stk-block-card__content\"><div class=\"stk-block-content stk-inner-blocks stk-54cb007-inner-blocks\">\n<div class=\"wp-block-stackable-heading stk-block-heading stk-block-heading--v2 stk-block stk-59cae1b\" id=\"strong-giyotin-cam-sistemleri-ile-modern-ve-guvenli-cozumler-strong\" data-block-id=\"59cae1b\"><h2 class=\"stk-block-heading__text\"><strong>\u201cGiyotin Cam Sistemleri ile Modern ve G\u00fcvenli \u00c7\u00f6z\u00fcmler\u201d<\/strong><\/h2><\/div>\n\n\n\n<div class=\"wp-block-stackable-text stk-block-text stk-block stk-20ba6ea\" data-block-id=\"20ba6ea\"><p class=\"stk-block-text__text\">Giyotin cam sistemleri, \u015f\u0131k tasar\u0131m\u0131 ve pratik kullan\u0131m\u0131yla modern mimarinin vazge\u00e7ilmezlerinden biridir. Motorlu veya manuel \u00e7al\u0131\u015fma \u00f6zelli\u011fi sayesinde camlar yukar\u0131-a\u015fa\u011f\u0131 hareket ederek a\u00e7\u0131l\u0131r ve kapan\u0131r. Bu sayede hem g\u00fcvenli hem de estetik bir kullan\u0131m sunar. \u00d6zellikle kafe, restoran, teras, balkon ve bah\u00e7elerde s\u0131k\u00e7a tercih edilmektedir.<\/p><\/div>\n\n\n\n<p><strong>Giyotin Cam Sistemlerinin Avantajlar\u0131:<\/strong><\/p>\n\n\n\n<ul class=\"wp-block-list\">\n<li><strong>Kolay Kullan\u0131m:<\/strong> Tek tu\u015fla a\u00e7\u0131l\u0131p kapanabilen motorlu sistemler sayesinde pratiklik sa\u011flar.<\/li>\n\n\n\n<li><strong>Maksimum Konfor:<\/strong> \u0130\u00e7 mek\u00e2n\u0131 r\u00fczg\u00e2r, ya\u011fmur ve d\u0131\u015f etkenlerden korurken ferah bir alan sunar.<\/li>\n\n\n\n<li><strong>Estetik G\u00f6r\u00fcn\u00fcm:<\/strong> Modern ve \u015feffaf tasar\u0131m\u0131yla mek\u00e2nlara de\u011fer katar.<\/li>\n\n\n\n<li><strong>G\u00fcvenlik:<\/strong> Temperli cam ve sa\u011flam profil yap\u0131s\u0131 sayesinde dayan\u0131kl\u0131 ve g\u00fcvenlidir.<\/li>\n\n\n\n<li><strong>\u00c7ok Y\u00f6nl\u00fc Kullan\u0131m:<\/strong> Kafe, restoran, otel, villa, balkon ve teraslarda uygulanabilir.<\/li>\n<\/ul>\n\n\n\n<p>Giyotin cam sistemleri, hem i\u015f yerinizin hem de evinizin de\u011ferini art\u0131ran, estetik ve fonksiyonel bir \u00e7\u00f6z\u00fcmd\u00fcr.<\/p>\n\n\n\n<div class=\"wp-block-stackable-button-group stk-block-button-group stk-block stk-6b19df0\" data-block-id=\"6b19df0\"><div class=\"stk-row stk-inner-blocks stk-block-content stk-button-group\">\n<div class=\"wp-block-stackable-button stk-block-button stk-block stk-6750d32\" data-block-id=\"6750d32\"><a class=\"stk-link stk-button stk--hover-effect-darken\" href=\"https:\/\/api.whatsapp.com\/send?phone=%2B905454339101&amp;text=\" target=\"_blank\" rel=\"noreferrer noopener\"><span class=\"stk-button__inner-text\">DETAYLI B\u0130LG\u0130 AL<\/span><\/a><\/div>\n<\/div><\/div>\n<\/div><\/div><\/div><\/div>\n\n\n\n<div class=\"wp-block-stackable-carousel stk-block-carousel stk--is-slide stk--arrows-justify-space-between stk--arrows-align-center stk-block stk-e9a0166\" data-slides-to-show=\"\" data-block-id=\"e9a0166\"><div class=\"stk-block-carousel__content-wrapper\"><div class=\"stk-row stk-inner-blocks stk-block-content stk-block-carousel__slider-wrapper stk-content-align stk-e9a0166-column\"><div class=\"stk-block-carousel__slider\" role=\"list\" data-autoplay=\"4000\" data-label-slide-of=\"Slide %%d of %%d\">\n<div class=\"wp-block-stackable-column stk-block-column stk-column stk-block stk-ac878db\" data-v=\"4\" data-block-id=\"ac878db\"><div class=\"stk-column-wrapper stk-block-column__content stk-container stk-ac878db-container stk--no-background stk--no-padding\"><div class=\"stk-block-content stk-inner-blocks stk-ac878db-inner-blocks\">\n<div class=\"wp-block-stackable-columns stk-block-columns stk-block stk-79c2778\" data-block-id=\"79c2778\"><div class=\"stk-row stk-inner-blocks stk-block-content stk-content-align stk-79c2778-column\">\n<div class=\"wp-block-stackable-column stk-block-column stk-column stk-block stk-ad39d54\" data-v=\"4\" data-block-id=\"ad39d54\"><div class=\"stk-column-wrapper stk-block-column__content stk-container stk-ad39d54-container stk--no-background stk--no-padding\"><div class=\"stk-block-content stk-inner-blocks stk-ad39d54-inner-blocks\">\n<div class=\"wp-block-stackable-image stk-block-image stk-block stk-a32e11b\" data-block-id=\"a32e11b\"><style>.stk-a32e11b .stk-img-wrapper{width:100% !important;height:722px !important;}<\/style><figure><span class=\"stk-img-wrapper stk-image--shape-stretch stk--has-lightbox\"><img loading=\"lazy\" decoding=\"async\" class=\"stk-img wp-image-867\" src=\"https:\/\/royalaluminyum.com\/wp-content\/uploads\/2025\/10\/WhatsApp-Gorsel-2025-08-08-saat-18.23.42_401837ce.jpg\" width=\"1200\" height=\"1600\" srcset=\"https:\/\/royalaluminyum.com\/wp-content\/uploads\/2025\/10\/WhatsApp-Gorsel-2025-08-08-saat-18.23.42_401837ce.jpg 1200w, https:\/\/royalaluminyum.com\/wp-content\/uploads\/2025\/10\/WhatsApp-Gorsel-2025-08-08-saat-18.23.42_401837ce-225x300.jpg 225w, https:\/\/royalaluminyum.com\/wp-content\/uploads\/2025\/10\/WhatsApp-Gorsel-2025-08-08-saat-18.23.42_401837ce-768x1024.jpg 768w, https:\/\/royalaluminyum.com\/wp-content\/uploads\/2025\/10\/WhatsApp-Gorsel-2025-08-08-saat-18.23.42_401837ce-1152x1536.jpg 1152w\" sizes=\"auto, (max-width: 1200px) 100vw, 1200px\" \/><\/span><\/figure><\/div>\n<\/div><\/div><\/div>\n\n\n\n<div class=\"wp-block-stackable-column stk-block-column stk-column stk-block stk-87e1f91\" data-v=\"4\" data-block-id=\"87e1f91\"><div class=\"stk-column-wrapper stk-block-column__content stk-container stk-87e1f91-container stk--no-background stk--no-padding\"><div class=\"stk-block-content stk-inner-blocks stk-87e1f91-inner-blocks\">\n<div class=\"wp-block-stackable-image stk-block-image stk-block stk-cf8a3a8\" data-block-id=\"cf8a3a8\"><figure><span class=\"stk-img-wrapper stk-image--shape-stretch stk--has-lightbox\"><img loading=\"lazy\" decoding=\"async\" class=\"stk-img wp-image-866\" src=\"https:\/\/royalaluminyum.com\/wp-content\/uploads\/2025\/10\/WhatsApp-Gorsel-2025-08-08-saat-18.23.40_cf9a411d.jpg\" width=\"828\" height=\"1472\" srcset=\"https:\/\/royalaluminyum.com\/wp-content\/uploads\/2025\/10\/WhatsApp-Gorsel-2025-08-08-saat-18.23.40_cf9a411d.jpg 828w, https:\/\/royalaluminyum.com\/wp-content\/uploads\/2025\/10\/WhatsApp-Gorsel-2025-08-08-saat-18.23.40_cf9a411d-169x300.jpg 169w, https:\/\/royalaluminyum.com\/wp-content\/uploads\/2025\/10\/WhatsApp-Gorsel-2025-08-08-saat-18.23.40_cf9a411d-576x1024.jpg 576w, https:\/\/royalaluminyum.com\/wp-content\/uploads\/2025\/10\/WhatsApp-Gorsel-2025-08-08-saat-18.23.40_cf9a411d-768x1365.jpg 768w\" sizes=\"auto, (max-width: 828px) 100vw, 828px\" \/><\/span><\/figure><\/div>\n<\/div><\/div><\/div>\n\n\n\n<div class=\"wp-block-stackable-column stk-block-column stk-column stk-block stk-6688aa0\" data-v=\"4\" data-block-id=\"6688aa0\"><div class=\"stk-column-wrapper stk-block-column__content stk-container stk-6688aa0-container stk--no-background stk--no-padding\"><div class=\"stk-block-content stk-inner-blocks stk-6688aa0-inner-blocks\">\n<div class=\"wp-block-stackable-image stk-block-image stk-block stk-639e808\" data-block-id=\"639e808\"><figure><span class=\"stk-img-wrapper stk-image--shape-stretch stk--has-lightbox\"><img loading=\"lazy\" decoding=\"async\" class=\"stk-img wp-image-865\" src=\"https:\/\/royalaluminyum.com\/wp-content\/uploads\/2025\/10\/WhatsApp-Gorsel-2025-08-08-saat-18.23.40_ad13d21b.jpg\" width=\"828\" height=\"1472\" srcset=\"https:\/\/royalaluminyum.com\/wp-content\/uploads\/2025\/10\/WhatsApp-Gorsel-2025-08-08-saat-18.23.40_ad13d21b.jpg 828w, https:\/\/royalaluminyum.com\/wp-content\/uploads\/2025\/10\/WhatsApp-Gorsel-2025-08-08-saat-18.23.40_ad13d21b-169x300.jpg 169w, https:\/\/royalaluminyum.com\/wp-content\/uploads\/2025\/10\/WhatsApp-Gorsel-2025-08-08-saat-18.23.40_ad13d21b-576x1024.jpg 576w, https:\/\/royalaluminyum.com\/wp-content\/uploads\/2025\/10\/WhatsApp-Gorsel-2025-08-08-saat-18.23.40_ad13d21b-768x1365.jpg 768w\" sizes=\"auto, (max-width: 828px) 100vw, 828px\" \/><\/span><\/figure><\/div>\n<\/div><\/div><\/div>\n<\/div><\/div>\n<\/div><\/div><\/div>\n<\/div><div class=\"stk-block-carousel__buttons\"><button class=\"stk-block-carousel__button stk-block-carousel__button__prev\" aria-label=\"Previous slide\"><svg aria-hidden=\"true\" focusable=\"false\" data-prefix=\"fas\" data-icon=\"chevron-left\" class=\"svg-inline--fa fa-chevron-left\" xmlns=\"http:\/\/www.w3.org\/2000\/svg\" viewBox=\"0 0 320 512\" width=\"32\" height=\"32\"><path d=\"M34.52 239.03L228.87 44.69c9.37-9.37 24.57-9.37 33.94 0l22.67 22.67c9.36 9.36 9.37 24.52.04 33.9L131.49 256l154.02 154.75c9.34 9.38 9.32 24.54-.04 33.9l-22.67 22.67c-9.37 9.37-24.57 9.37-33.94 0L34.52 272.97c-9.37-9.37-9.37-24.57 0-33.94z\"><\/path><\/svg><\/button><button class=\"stk-block-carousel__button stk-block-carousel__button__next\" aria-label=\"Next slide\"><svg aria-hidden=\"true\" focusable=\"false\" data-prefix=\"fas\" data-icon=\"chevron-right\" class=\"svg-inline--fa fa-chevron-right\" xmlns=\"http:\/\/www.w3.org\/2000\/svg\" viewBox=\"0 0 320 512\" width=\"32\" height=\"32\"><path d=\"M285.476 272.971L91.132 467.314c-9.373 9.373-24.569 9.373-33.941 0l-22.667-22.667c-9.357-9.357-9.375-24.522-.04-33.901L188.505 256 34.484 101.255c-9.335-9.379-9.317-24.544.04-33.901l22.667-22.667c9.373-9.373 24.569-9.373 33.941 0L285.475 239.03c9.373 9.372 9.373 24.568.001 33.941z\"><\/path><\/svg><\/button><\/div><\/div><div class=\"stk-block-carousel__dots\" role=\"list\" data-label=\"Slide %%d\"><\/div><\/div><\/div>\n","protected":false},"excerpt":{"rendered":"<p>\u201cGiyotin Cam Sistemleri ile Modern ve G\u00fcvenli \u00c7\u00f6z\u00fcmler\u201d Giyotin cam sistemleri, \u015f\u0131k tasar\u0131m\u0131 ve pratik kullan\u0131m\u0131yla modern mimarinin vazge\u00e7ilmezlerinden biridir. Motorlu veya manuel \u00e7al\u0131\u015fma \u00f6zelli\u011fi sayesinde camlar yukar\u0131-a\u015fa\u011f\u0131 hareket ederek a\u00e7\u0131l\u0131r ve kapan\u0131r. Bu sayede hem g\u00fcvenli hem de estetik bir kullan\u0131m sunar. \u00d6zellikle kafe, restoran, teras, balkon ve bah\u00e7elerde s\u0131k\u00e7a tercih edilmektedir. Giyotin Cam [&hellip;]<\/p>\n","protected":false},"author":1,"featured_media":0,"parent":0,"menu_order":0,"comment_status":"closed","ping_status":"closed","template":"","meta":{"footnotes":""},"class_list":["post-779","page","type-page","status-publish","hentry"],"blocksy_meta":[],"yoast_head":"<!-- This site is optimized with the Yoast SEO plugin v27.4 - https:\/\/yoast.com\/product\/yoast-seo-wordpress\/ -->\n<title>G\u0130YOT\u0130N - ROYAL AL\u00dcM\u0130NYUM<\/title>\n<meta name=\"robots\" content=\"index, follow, max-snippet:-1, max-image-preview:large, max-video-preview:-1\" \/>\n<link rel=\"canonical\" href=\"https:\/\/royalaluminyum.com\/index.php\/kis-bahcesi\/\" \/>\n<meta property=\"og:locale\" content=\"tr_TR\" \/>\n<meta property=\"og:type\" content=\"article\" \/>\n<meta property=\"og:title\" content=\"G\u0130YOT\u0130N - ROYAL AL\u00dcM\u0130NYUM\" \/>\n<meta property=\"og:description\" content=\"\u201cGiyotin Cam Sistemleri ile Modern ve G\u00fcvenli \u00c7\u00f6z\u00fcmler\u201d Giyotin cam sistemleri, \u015f\u0131k tasar\u0131m\u0131 ve pratik kullan\u0131m\u0131yla modern mimarinin vazge\u00e7ilmezlerinden biridir. Motorlu veya manuel \u00e7al\u0131\u015fma \u00f6zelli\u011fi sayesinde camlar yukar\u0131-a\u015fa\u011f\u0131 hareket ederek a\u00e7\u0131l\u0131r ve kapan\u0131r. Bu sayede hem g\u00fcvenli hem de estetik bir kullan\u0131m sunar. \u00d6zellikle kafe, restoran, teras, balkon ve bah\u00e7elerde s\u0131k\u00e7a tercih edilmektedir. Giyotin Cam [&hellip;]\" \/>\n<meta property=\"og:url\" content=\"https:\/\/royalaluminyum.com\/index.php\/kis-bahcesi\/\" \/>\n<meta property=\"og:site_name\" content=\"ROYAL AL\u00dcM\u0130NYUM\" \/>\n<meta property=\"article:modified_time\" content=\"2025-10-14T00:07:36+00:00\" \/>\n<meta property=\"og:image\" content=\"https:\/\/royalaluminyum.com\/wp-content\/uploads\/2025\/10\/WhatsApp-Gorsel-2025-08-08-saat-18.25.51_b48dcf4e.jpg\" \/>\n\t<meta property=\"og:image:width\" content=\"1600\" \/>\n\t<meta property=\"og:image:height\" content=\"1200\" \/>\n\t<meta property=\"og:image:type\" content=\"image\/jpeg\" \/>\n<meta name=\"twitter:card\" content=\"summary_large_image\" \/>\n<meta name=\"twitter:label1\" content=\"Tahmini okuma s\u00fcresi\" \/>\n\t<meta name=\"twitter:data1\" content=\"2 dakika\" \/>\n<script type=\"application\/ld+json\" class=\"yoast-schema-graph\">{\"@context\":\"https:\\\/\\\/schema.org\",\"@graph\":[{\"@type\":\"WebPage\",\"@id\":\"https:\\\/\\\/royalaluminyum.com\\\/index.php\\\/kis-bahcesi\\\/\",\"url\":\"https:\\\/\\\/royalaluminyum.com\\\/index.php\\\/kis-bahcesi\\\/\",\"name\":\"G\u0130YOT\u0130N - ROYAL AL\u00dcM\u0130NYUM\",\"isPartOf\":{\"@id\":\"https:\\\/\\\/royalaluminyum.com\\\/#website\"},\"primaryImageOfPage\":{\"@id\":\"https:\\\/\\\/royalaluminyum.com\\\/index.php\\\/kis-bahcesi\\\/#primaryimage\"},\"image\":{\"@id\":\"https:\\\/\\\/royalaluminyum.com\\\/index.php\\\/kis-bahcesi\\\/#primaryimage\"},\"thumbnailUrl\":\"https:\\\/\\\/royalaluminyum.com\\\/wp-content\\\/uploads\\\/2025\\\/10\\\/WhatsApp-Gorsel-2025-08-08-saat-18.25.51_b48dcf4e.jpg\",\"datePublished\":\"2025-08-06T11:49:59+00:00\",\"dateModified\":\"2025-10-14T00:07:36+00:00\",\"breadcrumb\":{\"@id\":\"https:\\\/\\\/royalaluminyum.com\\\/index.php\\\/kis-bahcesi\\\/#breadcrumb\"},\"inLanguage\":\"tr\",\"potentialAction\":[{\"@type\":\"ReadAction\",\"target\":[\"https:\\\/\\\/royalaluminyum.com\\\/index.php\\\/kis-bahcesi\\\/\"]}]},{\"@type\":\"ImageObject\",\"inLanguage\":\"tr\",\"@id\":\"https:\\\/\\\/royalaluminyum.com\\\/index.php\\\/kis-bahcesi\\\/#primaryimage\",\"url\":\"https:\\\/\\\/royalaluminyum.com\\\/wp-content\\\/uploads\\\/2025\\\/10\\\/WhatsApp-Gorsel-2025-08-08-saat-18.25.51_b48dcf4e.jpg\",\"contentUrl\":\"https:\\\/\\\/royalaluminyum.com\\\/wp-content\\\/uploads\\\/2025\\\/10\\\/WhatsApp-Gorsel-2025-08-08-saat-18.25.51_b48dcf4e.jpg\",\"width\":1600,\"height\":1200},{\"@type\":\"BreadcrumbList\",\"@id\":\"https:\\\/\\\/royalaluminyum.com\\\/index.php\\\/kis-bahcesi\\\/#breadcrumb\",\"itemListElement\":[{\"@type\":\"ListItem\",\"position\":1,\"name\":\"Home\",\"item\":\"https:\\\/\\\/royalaluminyum.com\\\/\"},{\"@type\":\"ListItem\",\"position\":2,\"name\":\"G\u0130YOT\u0130N\"}]},{\"@type\":\"WebSite\",\"@id\":\"https:\\\/\\\/royalaluminyum.com\\\/#website\",\"url\":\"https:\\\/\\\/royalaluminyum.com\\\/\",\"name\":\"ROYAL AL\u00dcM\u0130NYUM\",\"description\":\"\",\"publisher\":{\"@id\":\"https:\\\/\\\/royalaluminyum.com\\\/#organization\"},\"potentialAction\":[{\"@type\":\"SearchAction\",\"target\":{\"@type\":\"EntryPoint\",\"urlTemplate\":\"https:\\\/\\\/royalaluminyum.com\\\/?s={search_term_string}\"},\"query-input\":{\"@type\":\"PropertyValueSpecification\",\"valueRequired\":true,\"valueName\":\"search_term_string\"}}],\"inLanguage\":\"tr\"},{\"@type\":\"Organization\",\"@id\":\"https:\\\/\\\/royalaluminyum.com\\\/#organization\",\"name\":\"ROYAL AL\u00dcM\u0130NYUM\",\"url\":\"https:\\\/\\\/royalaluminyum.com\\\/\",\"logo\":{\"@type\":\"ImageObject\",\"inLanguage\":\"tr\",\"@id\":\"https:\\\/\\\/royalaluminyum.com\\\/#\\\/schema\\\/logo\\\/image\\\/\",\"url\":\"https:\\\/\\\/royalaluminyum.com\\\/wp-content\\\/uploads\\\/2025\\\/08\\\/LOGOLAR-29.png\",\"contentUrl\":\"https:\\\/\\\/royalaluminyum.com\\\/wp-content\\\/uploads\\\/2025\\\/08\\\/LOGOLAR-29.png\",\"width\":1262,\"height\":816,\"caption\":\"ROYAL AL\u00dcM\u0130NYUM\"},\"image\":{\"@id\":\"https:\\\/\\\/royalaluminyum.com\\\/#\\\/schema\\\/logo\\\/image\\\/\"}}]}<\/script>\n<!-- \/ Yoast SEO plugin. -->","yoast_head_json":{"title":"G\u0130YOT\u0130N - ROYAL AL\u00dcM\u0130NYUM","robots":{"index":"index","follow":"follow","max-snippet":"max-snippet:-1","max-image-preview":"max-image-preview:large","max-video-preview":"max-video-preview:-1"},"canonical":"https:\/\/royalaluminyum.com\/index.php\/kis-bahcesi\/","og_locale":"tr_TR","og_type":"article","og_title":"G\u0130YOT\u0130N - ROYAL AL\u00dcM\u0130NYUM","og_description":"\u201cGiyotin Cam Sistemleri ile Modern ve G\u00fcvenli \u00c7\u00f6z\u00fcmler\u201d Giyotin cam sistemleri, \u015f\u0131k tasar\u0131m\u0131 ve pratik kullan\u0131m\u0131yla modern mimarinin vazge\u00e7ilmezlerinden biridir. Motorlu veya manuel \u00e7al\u0131\u015fma \u00f6zelli\u011fi sayesinde camlar yukar\u0131-a\u015fa\u011f\u0131 hareket ederek a\u00e7\u0131l\u0131r ve kapan\u0131r. Bu sayede hem g\u00fcvenli hem de estetik bir kullan\u0131m sunar. \u00d6zellikle kafe, restoran, teras, balkon ve bah\u00e7elerde s\u0131k\u00e7a tercih edilmektedir. Giyotin Cam [&hellip;]","og_url":"https:\/\/royalaluminyum.com\/index.php\/kis-bahcesi\/","og_site_name":"ROYAL AL\u00dcM\u0130NYUM","article_modified_time":"2025-10-14T00:07:36+00:00","og_image":[{"width":1600,"height":1200,"url":"https:\/\/royalaluminyum.com\/wp-content\/uploads\/2025\/10\/WhatsApp-Gorsel-2025-08-08-saat-18.25.51_b48dcf4e.jpg","type":"image\/jpeg"}],"twitter_card":"summary_large_image","twitter_misc":{"Tahmini okuma s\u00fcresi":"2 dakika"},"schema":{"@context":"https:\/\/schema.org","@graph":[{"@type":"WebPage","@id":"https:\/\/royalaluminyum.com\/index.php\/kis-bahcesi\/","url":"https:\/\/royalaluminyum.com\/index.php\/kis-bahcesi\/","name":"G\u0130YOT\u0130N - ROYAL AL\u00dcM\u0130NYUM","isPartOf":{"@id":"https:\/\/royalaluminyum.com\/#website"},"primaryImageOfPage":{"@id":"https:\/\/royalaluminyum.com\/index.php\/kis-bahcesi\/#primaryimage"},"image":{"@id":"https:\/\/royalaluminyum.com\/index.php\/kis-bahcesi\/#primaryimage"},"thumbnailUrl":"https:\/\/royalaluminyum.com\/wp-content\/uploads\/2025\/10\/WhatsApp-Gorsel-2025-08-08-saat-18.25.51_b48dcf4e.jpg","datePublished":"2025-08-06T11:49:59+00:00","dateModified":"2025-10-14T00:07:36+00:00","breadcrumb":{"@id":"https:\/\/royalaluminyum.com\/index.php\/kis-bahcesi\/#breadcrumb"},"inLanguage":"tr","potentialAction":[{"@type":"ReadAction","target":["https:\/\/royalaluminyum.com\/index.php\/kis-bahcesi\/"]}]},{"@type":"ImageObject","inLanguage":"tr","@id":"https:\/\/royalaluminyum.com\/index.php\/kis-bahcesi\/#primaryimage","url":"https:\/\/royalaluminyum.com\/wp-content\/uploads\/2025\/10\/WhatsApp-Gorsel-2025-08-08-saat-18.25.51_b48dcf4e.jpg","contentUrl":"https:\/\/royalaluminyum.com\/wp-content\/uploads\/2025\/10\/WhatsApp-Gorsel-2025-08-08-saat-18.25.51_b48dcf4e.jpg","width":1600,"height":1200},{"@type":"BreadcrumbList","@id":"https:\/\/royalaluminyum.com\/index.php\/kis-bahcesi\/#breadcrumb","itemListElement":[{"@type":"ListItem","position":1,"name":"Home","item":"https:\/\/royalaluminyum.com\/"},{"@type":"ListItem","position":2,"name":"G\u0130YOT\u0130N"}]},{"@type":"WebSite","@id":"https:\/\/royalaluminyum.com\/#website","url":"https:\/\/royalaluminyum.com\/","name":"ROYAL AL\u00dcM\u0130NYUM","description":"","publisher":{"@id":"https:\/\/royalaluminyum.com\/#organization"},"potentialAction":[{"@type":"SearchAction","target":{"@type":"EntryPoint","urlTemplate":"https:\/\/royalaluminyum.com\/?s={search_term_string}"},"query-input":{"@type":"PropertyValueSpecification","valueRequired":true,"valueName":"search_term_string"}}],"inLanguage":"tr"},{"@type":"Organization","@id":"https:\/\/royalaluminyum.com\/#organization","name":"ROYAL AL\u00dcM\u0130NYUM","url":"https:\/\/royalaluminyum.com\/","logo":{"@type":"ImageObject","inLanguage":"tr","@id":"https:\/\/royalaluminyum.com\/#\/schema\/logo\/image\/","url":"https:\/\/royalaluminyum.com\/wp-content\/uploads\/2025\/08\/LOGOLAR-29.png","contentUrl":"https:\/\/royalaluminyum.com\/wp-content\/uploads\/2025\/08\/LOGOLAR-29.png","width":1262,"height":816,"caption":"ROYAL AL\u00dcM\u0130NYUM"},"image":{"@id":"https:\/\/royalaluminyum.com\/#\/schema\/logo\/image\/"}}]}},"_links":{"self":[{"href":"https:\/\/royalaluminyum.com\/index.php\/wp-json\/wp\/v2\/pages\/779","targetHints":{"allow":["GET"]}}],"collection":[{"href":"https:\/\/royalaluminyum.com\/index.php\/wp-json\/wp\/v2\/pages"}],"about":[{"href":"https:\/\/royalaluminyum.com\/index.php\/wp-json\/wp\/v2\/types\/page"}],"author":[{"embeddable":true,"href":"https:\/\/royalaluminyum.com\/index.php\/wp-json\/wp\/v2\/users\/1"}],"replies":[{"embeddable":true,"href":"https:\/\/royalaluminyum.com\/index.php\/wp-json\/wp\/v2\/comments?post=779"}],"version-history":[{"count":3,"href":"https:\/\/royalaluminyum.com\/index.php\/wp-json\/wp\/v2\/pages\/779\/revisions"}],"predecessor-version":[{"id":868,"href":"https:\/\/royalaluminyum.com\/index.php\/wp-json\/wp\/v2\/pages\/779\/revisions\/868"}],"wp:attachment":[{"href":"https:\/\/royalaluminyum.com\/index.php\/wp-json\/wp\/v2\/media?parent=779"}],"curies":[{"name":"wp","href":"https:\/\/api.w.org\/{rel}","templated":true}]}}